{"id":11197,"date":"2025-06-30T21:08:29","date_gmt":"2025-06-30T21:08:29","guid":{"rendered":"https:\/\/siredeabikini.it\/caleta-bikini-imbottito\/"},"modified":"2025-08-27T19:58:20","modified_gmt":"2025-08-27T19:58:20","slug":"caleta-bikini-imbottito","status":"publish","type":"product","link":"https:\/\/siredeabikini.it\/en\/product\/caleta-bikini-imbottito\/","title":{"rendered":"Caleta bikini imbottito"},"content":{"rendered":"<p>Bikini balconcino push-up in tessuto Ibiza con slip fiocchi e accessori ambrati<\/p>\n<p>Elegante e seducente, questo bikini con balconcino push-up valorizza il d\u00e9collet\u00e9 grazie alla struttura imbottita e al sostegno delle spalline regolabili, pensate per offrire comfort e vestibilit\u00e0 personalizzata. Realizzato in tessuto Ibiza della carvico, morbido al tatto e dalla finitura leggermente lucida, dona un effetto luminoso e sofisticato sotto il sole.<\/p>\n<p>Lo slip con fiocchi laterali aggiunge un tocco femminile e consente di regolare perfettamente la vestibilit\u00e0 sui fianchi. I raffinati accessori quadrati ambrati impreziosiscono il design, evocando atmosfere calde e glamour.<\/p>\n<p>Perfetto per chi desidera un look da spiaggia che unisca stile, sensualit\u00e0 e comfort<\/p>\n","protected":false},"excerpt":{"rendered":"<p>Costume bikini coppa imbottito con  ferretti, spalline regolabili. Slip fiocchi con accessorio laterale, vestibilit\u00e0 normale.<\/p>\n","protected":false},"featured_media":10584,"comment_status":"closed","ping_status":"closed","template":"","meta":[],"product_brand":[],"product_cat":[91,229],"product_tag":[213,144],"class_list":{"0":"post-11197","1":"product","2":"type-product","3":"status-publish","4":"has-post-thumbnail","6":"product_cat-costumi-da-bagno","7":"product_cat-top-con-coppe","8":"product_tag-egitto","9":"product_tag-ibiza-collection","10":"pa_colore-kenya","11":"pa_linea-sirena","12":"pa_taglia-l","13":"pa_taglia-m","14":"pa_taglia-s","15":"pa_vestibilita-regular","17":"first","18":"instock","19":"sale","20":"taxable","21":"shipping-taxable","22":"purchasable","23":"product-type-variable","24":"has-default-attributes"},"_links":{"self":[{"href":"https:\/\/siredeabikini.it\/en\/wp-json\/wp\/v2\/product\/11197","targetHints":{"allow":["GET"]}}],"collection":[{"href":"https:\/\/siredeabikini.it\/en\/wp-json\/wp\/v2\/product"}],"about":[{"href":"https:\/\/siredeabikini.it\/en\/wp-json\/wp\/v2\/types\/product"}],"replies":[{"embeddable":true,"href":"https:\/\/siredeabikini.it\/en\/wp-json\/wp\/v2\/comments?post=11197"}],"wp:featuredmedia":[{"embeddable":true,"href":"https:\/\/siredeabikini.it\/en\/wp-json\/wp\/v2\/media\/10584"}],"wp:attachment":[{"href":"https:\/\/siredeabikini.it\/en\/wp-json\/wp\/v2\/media?parent=11197"}],"wp:term":[{"taxonomy":"product_brand","embeddable":true,"href":"https:\/\/siredeabikini.it\/en\/wp-json\/wp\/v2\/product_brand?post=11197"},{"taxonomy":"product_cat","embeddable":true,"href":"https:\/\/siredeabikini.it\/en\/wp-json\/wp\/v2\/product_cat?post=11197"},{"taxonomy":"product_tag","embeddable":true,"href":"https:\/\/siredeabikini.it\/en\/wp-json\/wp\/v2\/product_tag?post=11197"}],"curies":[{"name":"wp","href":"https:\/\/api.w.org\/{rel}","templated":true}]}}