{"id":11201,"date":"2025-06-30T21:08:29","date_gmt":"2025-06-30T21:08:29","guid":{"rendered":"https:\/\/siredeabikini.it\/tataia-triangolino-laccetti\/"},"modified":"2025-08-27T20:03:24","modified_gmt":"2025-08-27T20:03:24","slug":"tataia-triangolino-laccetti","status":"publish","type":"product","link":"https:\/\/siredeabikini.it\/en\/product\/tataia-triangolino-laccetti\/","title":{"rendered":"Tataia triangolino laccetti"},"content":{"rendered":"<p>Bikini triangolo in tessuto Ibiza con spalline che si annodano al collo e slip con laccetti<\/p>\n<p>Design essenziale e femminile per questo bikini con triangolo balconcino, pensato per valorizzare il d\u00e9collet\u00e9 con naturalezza. Le spalline regolabili assicurano una vestibilit\u00e0 confortevole e personalizzabile, adattandosi perfettamente alla silhouette.<\/p>\n<p>Realizzato in tessuto Ibiza, leggermente lucido e ultra confortevole, dona un effetto luminoso sulla pelle e si asciuga rapidamente. Lo slip con laccetti laterali completa il look con un tocco delicato e versatile, permettendo di regolare facilmente la misura.<\/p>\n<p>Un modello intramontabile, perfetto per chi ama uno stile semplice ma curato nei dettagli.<\/p>\n","protected":false},"excerpt":{"rendered":"<p>Costume triangolino con laccetti twist, allacciatura regolabile.Top reversibile. Slip con coulisse laterali regolabili e arriccino dietro slip, vestibilit\u00e0 mini.<\/p>\n","protected":false},"featured_media":10588,"comment_status":"closed","ping_status":"closed","template":"","meta":[],"product_brand":[],"product_cat":[91,122],"product_tag":[213,144],"class_list":{"0":"post-11201","1":"product","2":"type-product","3":"status-publish","4":"has-post-thumbnail","6":"product_cat-costumi-da-bagno","7":"product_cat-triangoli","8":"product_tag-egitto","9":"product_tag-ibiza-collection","10":"pa_colore-papagayo-e-viola","11":"pa_fantasia-bicolor","12":"pa_linea-sirena","13":"pa_taglia-l","14":"pa_taglia-m","15":"pa_taglia-s","16":"pa_vestibilita-mini","18":"first","19":"instock","20":"sale","21":"taxable","22":"shipping-taxable","23":"purchasable","24":"product-type-variable"},"_links":{"self":[{"href":"https:\/\/siredeabikini.it\/en\/wp-json\/wp\/v2\/product\/11201","targetHints":{"allow":["GET"]}}],"collection":[{"href":"https:\/\/siredeabikini.it\/en\/wp-json\/wp\/v2\/product"}],"about":[{"href":"https:\/\/siredeabikini.it\/en\/wp-json\/wp\/v2\/types\/product"}],"replies":[{"embeddable":true,"href":"https:\/\/siredeabikini.it\/en\/wp-json\/wp\/v2\/comments?post=11201"}],"wp:featuredmedia":[{"embeddable":true,"href":"https:\/\/siredeabikini.it\/en\/wp-json\/wp\/v2\/media\/10588"}],"wp:attachment":[{"href":"https:\/\/siredeabikini.it\/en\/wp-json\/wp\/v2\/media?parent=11201"}],"wp:term":[{"taxonomy":"product_brand","embeddable":true,"href":"https:\/\/siredeabikini.it\/en\/wp-json\/wp\/v2\/product_brand?post=11201"},{"taxonomy":"product_cat","embeddable":true,"href":"https:\/\/siredeabikini.it\/en\/wp-json\/wp\/v2\/product_cat?post=11201"},{"taxonomy":"product_tag","embeddable":true,"href":"https:\/\/siredeabikini.it\/en\/wp-json\/wp\/v2\/product_tag?post=11201"}],"curies":[{"name":"wp","href":"https:\/\/api.w.org\/{rel}","templated":true}]}}