{"id":11207,"date":"2025-06-30T21:08:29","date_gmt":"2025-06-30T21:08:29","guid":{"rendered":"https:\/\/siredeabikini.it\/luma-bikini-a-fascia\/"},"modified":"2025-08-27T21:21:33","modified_gmt":"2025-08-27T21:21:33","slug":"luma-bikini-a-fascia","status":"publish","type":"product","link":"https:\/\/siredeabikini.it\/en\/product\/luma-bikini-a-fascia\/","title":{"rendered":"Luma bikini a fascia"},"content":{"rendered":"<p>Bikini con fascia annodata e stampa etnico chic<\/p>\n<p>Un look raffinato e dal fascino boho per questo bikini in stampa etnico chic, perfetto per chi ama lo stile ricercato ma naturale. Il top a fascia si annoda con eleganza sulla schiena, creando morbidi fiocchi che aggiungono un tocco romantico e femminile. Il design essenziale mette in risalto spalle e d\u00e9collet\u00e9, offrendo al tempo stesso una vestibilit\u00e0 comoda e regolabile.<\/p>\n<p>Lo slip con fiocchi laterali richiama l\u2019estetica del top, valorizzando la silhouette con un taglio delicato ma deciso. Il tessuto tecnico e confortevole, abbinato alla stampa dai motivi etnici, rende questo modello ideale per chi desidera distinguersi con stile sia in spiaggia che a bordo piscina.<\/p>\n","protected":false},"excerpt":{"rendered":"<p>Bikini top fascia con coppe estraibili che si annoda dietro schiena,slip con fiocchi regolabili comodo e versatile ,vestibilita&#8217; normale.<\/p>\n","protected":false},"featured_media":10532,"comment_status":"closed","ping_status":"closed","template":"","meta":[],"product_brand":[],"product_cat":[91,121],"product_tag":[152],"class_list":{"0":"post-11207","1":"product","2":"type-product","3":"status-publish","4":"has-post-thumbnail","6":"product_cat-costumi-da-bagno","7":"product_cat-top-fascia","8":"product_tag-etnico-chic","9":"pa_fantasia-etnica","10":"pa_linea-sirena","11":"pa_taglia-m","12":"pa_taglia-s","13":"pa_vestibilita-regular","15":"first","16":"instock","17":"sale","18":"taxable","19":"shipping-taxable","20":"purchasable","21":"product-type-variable","22":"has-default-attributes"},"_links":{"self":[{"href":"https:\/\/siredeabikini.it\/en\/wp-json\/wp\/v2\/product\/11207","targetHints":{"allow":["GET"]}}],"collection":[{"href":"https:\/\/siredeabikini.it\/en\/wp-json\/wp\/v2\/product"}],"about":[{"href":"https:\/\/siredeabikini.it\/en\/wp-json\/wp\/v2\/types\/product"}],"replies":[{"embeddable":true,"href":"https:\/\/siredeabikini.it\/en\/wp-json\/wp\/v2\/comments?post=11207"}],"wp:featuredmedia":[{"embeddable":true,"href":"https:\/\/siredeabikini.it\/en\/wp-json\/wp\/v2\/media\/10532"}],"wp:attachment":[{"href":"https:\/\/siredeabikini.it\/en\/wp-json\/wp\/v2\/media?parent=11207"}],"wp:term":[{"taxonomy":"product_brand","embeddable":true,"href":"https:\/\/siredeabikini.it\/en\/wp-json\/wp\/v2\/product_brand?post=11207"},{"taxonomy":"product_cat","embeddable":true,"href":"https:\/\/siredeabikini.it\/en\/wp-json\/wp\/v2\/product_cat?post=11207"},{"taxonomy":"product_tag","embeddable":true,"href":"https:\/\/siredeabikini.it\/en\/wp-json\/wp\/v2\/product_tag?post=11207"}],"curies":[{"name":"wp","href":"https:\/\/api.w.org\/{rel}","templated":true}]}}