{"id":11208,"date":"2025-06-30T21:08:29","date_gmt":"2025-06-30T21:08:29","guid":{"rendered":"https:\/\/siredeabikini.it\/nayla-bikini-coppa-triangolo\/"},"modified":"2025-08-27T21:10:09","modified_gmt":"2025-08-27T21:10:09","slug":"nayla-bikini-coppa-triangolo","status":"publish","type":"product","link":"https:\/\/siredeabikini.it\/en\/product\/nayla-bikini-coppa-triangolo\/","title":{"rendered":"Nayla bikini coppa triangolo"},"content":{"rendered":"<p>Bikini triangolino con arriccio e stampa etnico chic<\/p>\n<p>Un classico rivisitato in chiave sofisticata: questo bikini presenta un top a triangolino con arriccio sulle coppe ed accessorio catena alla spalline, pensato per valorizzare il d\u00e9collet\u00e9 con un tocco femminile e dinamico. Il top si annoda dietro la schiena con eleganti fiocchi, offrendo una vestibilit\u00e0 regolabile e confortevole.<\/p>\n<p>Lo slip con laccetti laterali completa il look con equilibrio e leggerezza, adattandosi perfettamente alle forme. La stampa etnico chic, ricca di dettagli e ispirazioni esotiche, dona al bikini un\u2019allure ricercata e contemporanea, ideale per chi ama distinguersi anche sotto il sole.<\/p>\n<p>Perfetto per uno stile libero, femminile e pieno di personalit\u00e0.<\/p>\n","protected":false},"excerpt":{"rendered":"<p>Bikini top triangolo imbottito con coppe fisse ,laccetti regolabili,slip con lacci regolabili comodo e versatile ,vestibilita&#8217; normale.<\/p>\n","protected":false},"featured_media":10536,"comment_status":"closed","ping_status":"closed","template":"","meta":[],"product_brand":[],"product_cat":[91,229],"product_tag":[152],"class_list":{"0":"post-11208","1":"product","2":"type-product","3":"status-publish","4":"has-post-thumbnail","6":"product_cat-costumi-da-bagno","7":"product_cat-top-con-coppe","8":"product_tag-etnico-chic","9":"pa_fantasia-etnica","10":"pa_linea-sirena","11":"pa_taglia-m","12":"pa_taglia-s","13":"pa_vestibilita-regular","15":"first","16":"instock","17":"sale","18":"taxable","19":"shipping-taxable","20":"purchasable","21":"product-type-variable","22":"has-default-attributes"},"_links":{"self":[{"href":"https:\/\/siredeabikini.it\/en\/wp-json\/wp\/v2\/product\/11208","targetHints":{"allow":["GET"]}}],"collection":[{"href":"https:\/\/siredeabikini.it\/en\/wp-json\/wp\/v2\/product"}],"about":[{"href":"https:\/\/siredeabikini.it\/en\/wp-json\/wp\/v2\/types\/product"}],"replies":[{"embeddable":true,"href":"https:\/\/siredeabikini.it\/en\/wp-json\/wp\/v2\/comments?post=11208"}],"wp:featuredmedia":[{"embeddable":true,"href":"https:\/\/siredeabikini.it\/en\/wp-json\/wp\/v2\/media\/10536"}],"wp:attachment":[{"href":"https:\/\/siredeabikini.it\/en\/wp-json\/wp\/v2\/media?parent=11208"}],"wp:term":[{"taxonomy":"product_brand","embeddable":true,"href":"https:\/\/siredeabikini.it\/en\/wp-json\/wp\/v2\/product_brand?post=11208"},{"taxonomy":"product_cat","embeddable":true,"href":"https:\/\/siredeabikini.it\/en\/wp-json\/wp\/v2\/product_cat?post=11208"},{"taxonomy":"product_tag","embeddable":true,"href":"https:\/\/siredeabikini.it\/en\/wp-json\/wp\/v2\/product_tag?post=11208"}],"curies":[{"name":"wp","href":"https:\/\/api.w.org\/{rel}","templated":true}]}}