{"id":11222,"date":"2025-06-30T21:08:33","date_gmt":"2025-06-30T21:08:33","guid":{"rendered":"https:\/\/siredeabikini.it\/elyra-bikini-coppe-balconcino\/"},"modified":"2025-08-26T19:44:31","modified_gmt":"2025-08-26T19:44:31","slug":"elyra-bikini-coppe-balconcino","status":"publish","type":"product","link":"https:\/\/siredeabikini.it\/en\/product\/elyra-bikini-coppe-balconcino\/","title":{"rendered":"Elyra bikini coppe balconcino"},"content":{"rendered":"<p>Bikini  Balconcino con coppe e ferretto e Sslip comodo.<\/p>\n<p>Eleganza e comfort si incontrano in questo raffinato completo intimo composto da un reggiseno modello balconcino con coppe preformate e ferretto di sostegno, pensato per valorizzare il d\u00e9collet\u00e9 con naturalezza. Le spalline regolabili e la chiusura posteriore garantiscono una vestibilit\u00e0 personalizzata e sicura, mentre i dettagli in pizzo (o microfibra, se preferisci cambiare materiale) aggiungono un tocco di femminilit\u00e0.<\/p>\n<p>Lo slip coordinato, dalla linea semplice e confortevole, avvolge delicatamente i fianchi senza costringere, ideale per un utilizzo quotidiano o per sentirsi speciali in ogni occasione.<\/p>\n<p>Disponibile in diverse taglie e colori per adattarsi a ogni stile e silhouette.<\/p>\n","protected":false},"excerpt":{"rendered":"<p>Costume bikini coppa imbottito con  ferretti, spalline regolabili. Slip vestibilit\u00e0 comoda.<\/p>\n","protected":false},"featured_media":10568,"comment_status":"closed","ping_status":"closed","template":"","meta":[],"product_brand":[],"product_cat":[91,229],"product_tag":[161],"class_list":{"0":"post-11222","1":"product","2":"type-product","3":"status-publish","4":"has-post-thumbnail","6":"product_cat-costumi-da-bagno","7":"product_cat-top-con-coppe","8":"product_tag-butterfly","9":"pa_fantasia-farfalla-blu","10":"pa_fantasia-farfalla-petunia","11":"pa_linea-dea","12":"pa_taglia-201","13":"pa_taglia-203","14":"pa_vestibilita-comfort","16":"first","17":"instock","18":"sale","19":"taxable","20":"shipping-taxable","21":"purchasable","22":"product-type-variable"},"_links":{"self":[{"href":"https:\/\/siredeabikini.it\/en\/wp-json\/wp\/v2\/product\/11222","targetHints":{"allow":["GET"]}}],"collection":[{"href":"https:\/\/siredeabikini.it\/en\/wp-json\/wp\/v2\/product"}],"about":[{"href":"https:\/\/siredeabikini.it\/en\/wp-json\/wp\/v2\/types\/product"}],"replies":[{"embeddable":true,"href":"https:\/\/siredeabikini.it\/en\/wp-json\/wp\/v2\/comments?post=11222"}],"wp:featuredmedia":[{"embeddable":true,"href":"https:\/\/siredeabikini.it\/en\/wp-json\/wp\/v2\/media\/10568"}],"wp:attachment":[{"href":"https:\/\/siredeabikini.it\/en\/wp-json\/wp\/v2\/media?parent=11222"}],"wp:term":[{"taxonomy":"product_brand","embeddable":true,"href":"https:\/\/siredeabikini.it\/en\/wp-json\/wp\/v2\/product_brand?post=11222"},{"taxonomy":"product_cat","embeddable":true,"href":"https:\/\/siredeabikini.it\/en\/wp-json\/wp\/v2\/product_cat?post=11222"},{"taxonomy":"product_tag","embeddable":true,"href":"https:\/\/siredeabikini.it\/en\/wp-json\/wp\/v2\/product_tag?post=11222"}],"curies":[{"name":"wp","href":"https:\/\/api.w.org\/{rel}","templated":true}]}}