{"id":11289,"date":"2025-06-30T21:08:44","date_gmt":"2025-06-30T21:08:44","guid":{"rendered":"https:\/\/siredeabikini.it\/miami-intero-olimpionico\/"},"modified":"2025-08-22T12:07:13","modified_gmt":"2025-08-22T12:07:13","slug":"miami-intero-olimpionico","status":"publish","type":"product","link":"https:\/\/siredeabikini.it\/en\/product\/miami-intero-olimpionico\/","title":{"rendered":"Miami intero olimpionico"},"content":{"rendered":"<div class=\"relative flex basis-auto flex-col -mb-(--composer-overlap-px) [--composer-overlap-px:55px] grow overflow-hidden\">\n<div class=\"relative h-full\">\n<div class=\"flex h-full flex-col overflow-y-auto [scrollbar-gutter:stable_both-edges] @[84rem]\/thread:pt-(--header-height)\">\n<div class=\"@thread-xl\/thread:pt-header-height flex flex-col text-sm pb-25\">\n<article class=\"text-token-text-primary w-full focus:outline-none scroll-mt-[calc(var(--header-height)+min(200px,max(70px,20svh)))]\" dir=\"auto\" tabindex=\"-1\" data-turn-id=\"request-WEB:d160415b-edcc-4b25-8f7c-170d5213c08d-4\" data-testid=\"conversation-turn-10\" data-scroll-anchor=\"true\" data-turn=\"assistant\">\n<div class=\"text-base my-auto mx-auto pb-10 [--thread-content-margin:--spacing(4)] @[37rem]:[--thread-content-margin:--spacing(6)] @[72rem]:[--thread-content-margin:--spacing(16)] px-(--thread-content-margin)\">\n<div class=\"[--thread-content-max-width:32rem] @[34rem]:[--thread-content-max-width:40rem] @[64rem]:[--thread-content-max-width:48rem] mx-auto max-w-(--thread-content-max-width) flex-1 group\/turn-messages focus-visible:outline-hidden relative flex w-full min-w-0 flex-col agent-turn\" tabindex=\"-1\">\n<div class=\"flex max-w-full flex-col grow\">\n<div class=\"min-h-8 text-message relative flex w-full flex-col items-end gap-2 text-start break-words whitespace-normal [.text-message+&amp;]:mt-5\" dir=\"auto\" data-message-author-role=\"assistant\" data-message-id=\"e9a7c51e-520b-46c1-85bb-5736756b28bc\" data-message-model-slug=\"gpt-4o\">\n<div class=\"flex w-full flex-col gap-1 empty:hidden first:pt-[3px]\">\n<div class=\"markdown prose dark:prose-invert w-full break-words light markdown-new-styling\">\n<p data-start=\"0\" data-end=\"291\">L&#8217;<strong data-start=\"2\" data-end=\"32\">intero iconico MIAMI<\/strong>\u00a0\u00e8 un costume da bagno che evoca immediatamente il famoso stile retr\u00f2 e sportivo degli anni &#8217;90, reso celebre dalla serie televisiva omonima. \u00c8 il simbolo di un\u2019estetica da spiaggia dinamica, ma anche di eleganza e seduzione. Ecco una descrizione dettagliata:<\/p>\n<p data-start=\"0\" data-end=\"291\">L&#8217;intero \u00a0\u00e8 caratterizzato da un taglio sportivo e sensuale, che abbraccia la figura in modo aderente, ma con un taglio che valorizza la silhouette. Il design \u00e8 semplice e pulito, ma estremamente iconico. La parte superiore \u00e8 <strong data-start=\"562\" data-end=\"590\">senza cuciture apparenti<\/strong>, con un profondo scollo che mette in risalto la zona del d\u00e9collet\u00e9, ma sempre mantenendo un equilibrio tra sensualit\u00e0 e comfort.Il retro del costume ha un taglio <strong data-start=\"755\" data-end=\"763\">alto<\/strong>, che slancia la gamba, mentre la parte posteriore \u00e8 generalmente leggermente scoperta, mettendo in risalto la schiena, senza essere eccessivamente audace. Il costume \u00e8 pensato per un&#8217;ottima mobilit\u00e0, ideale per chi desidera muoversi liberamente, come nel caso degli storici salvataggi a nuoto.<\/p>\n<p data-start=\"1081\" data-end=\"1467\">Il colore\u00a0 rappresentativo di questo costume \u00e8 il <strong data-start=\"1134\" data-end=\"1150\">rosso vivace<\/strong>, che rimanda direttamente alla divisa dei bagnini della serie Baywatch. La lycra stoffa \u00e8 liscia e aderente, permette una vestibilit\u00e0 che segue le curve senza comprimere troppo, ma allo stesso tempo supportando e modellando la figura.\u00a0Grazie alla struttura elastica, il costume si adatta perfettamente, offrendo una sensazione di sostegno e sicurezza, ma con una libert\u00e0 di movimento che permette di nuotare e correre sulla spiaggia senza problemi.<\/p>\n<\/div>\n<\/div>\n<\/div>\n<\/div>\n<div class=\"flex min-h-[46px] justify-start\"><\/div>\n<\/div>\n<\/div>\n<\/article>\n<div class=\"pointer-events-none h-px w-px\" aria-hidden=\"true\" data-edge=\"true\"><\/div>\n<div><\/div>\n<\/div>\n<\/div>\n<\/div>\n<\/div>\n<div id=\"thread-bottom-container\" class=\"relative isolate z-10 w-full basis-auto has-data-has-thread-error:pt-2 has-data-has-thread-error:[box-shadow:var(--sharp-edge-bottom-shadow)] md:border-transparent md:pt-0 dark:border-white\/20 md:dark:border-transparent content-fade flex flex-col\">\n<div class=\"text-token-text-secondary relative mt-auto flex min-h-8 w-full items-center justify-center p-2 text-center text-xs md:px-[60px]\">\n<div><\/div>\n<\/div>\n<\/div>\n","protected":false},"excerpt":{"rendered":"<p>Costume intero bay_watch,sgambato e sexy.Vestibilita&#8217; mini<\/p>\n","protected":false},"featured_media":11427,"comment_status":"closed","ping_status":"closed","template":"","meta":[],"product_brand":[],"product_cat":[91,99],"product_tag":[171],"class_list":{"0":"post-11289","1":"product","2":"type-product","3":"status-publish","4":"has-post-thumbnail","6":"product_cat-costumi-da-bagno","7":"product_cat-interi","8":"product_tag-monocolore-collection","9":"pa_colore-bianco","10":"pa_colore-nero","11":"pa_colore-rosso","12":"pa_linea-sirena-interi","13":"pa_taglia-l","14":"pa_taglia-m","15":"pa_taglia-s","16":"pa_tinta-unita-tinta-unita","17":"pa_vestibilita-mini","19":"first","20":"instock","21":"taxable","22":"shipping-taxable","23":"purchasable","24":"product-type-variable"},"_links":{"self":[{"href":"https:\/\/siredeabikini.it\/en\/wp-json\/wp\/v2\/product\/11289","targetHints":{"allow":["GET"]}}],"collection":[{"href":"https:\/\/siredeabikini.it\/en\/wp-json\/wp\/v2\/product"}],"about":[{"href":"https:\/\/siredeabikini.it\/en\/wp-json\/wp\/v2\/types\/product"}],"replies":[{"embeddable":true,"href":"https:\/\/siredeabikini.it\/en\/wp-json\/wp\/v2\/comments?post=11289"}],"wp:featuredmedia":[{"embeddable":true,"href":"https:\/\/siredeabikini.it\/en\/wp-json\/wp\/v2\/media\/11427"}],"wp:attachment":[{"href":"https:\/\/siredeabikini.it\/en\/wp-json\/wp\/v2\/media?parent=11289"}],"wp:term":[{"taxonomy":"product_brand","embeddable":true,"href":"https:\/\/siredeabikini.it\/en\/wp-json\/wp\/v2\/product_brand?post=11289"},{"taxonomy":"product_cat","embeddable":true,"href":"https:\/\/siredeabikini.it\/en\/wp-json\/wp\/v2\/product_cat?post=11289"},{"taxonomy":"product_tag","embeddable":true,"href":"https:\/\/siredeabikini.it\/en\/wp-json\/wp\/v2\/product_tag?post=11289"}],"curies":[{"name":"wp","href":"https:\/\/api.w.org\/{rel}","templated":true}]}}