{"id":11299,"date":"2025-06-30T21:08:48","date_gmt":"2025-06-30T21:08:48","guid":{"rendered":"https:\/\/siredeabikini.it\/raya-nero-intero-scollo-america\/"},"modified":"2025-08-26T18:11:51","modified_gmt":"2025-08-26T18:11:51","slug":"raya-nero-intero-scollo-america","status":"publish","type":"product","link":"https:\/\/siredeabikini.it\/en\/product\/raya-nero-intero-scollo-america\/","title":{"rendered":"Raya nero intero scollo america"},"content":{"rendered":"<h6 class=\"sr-only\"><span style=\"color: #333333; font-size: 16px;\">L&#8217;<\/span><strong style=\"color: #333333; font-size: 16px;\" data-start=\"3\" data-end=\"37\">intero body con scollo America<\/strong><span style=\"color: #333333; font-size: 16px;\">, con <\/span><strong style=\"color: #333333; font-size: 16px;\" data-start=\"43\" data-end=\"75\">pattern Zebrato placcato chic<\/strong><span style=\"color: #333333; font-size: 16px;\">, \u00e8 un costume da bagno di alta classe e sofisticazione, perfetto per chi cerca un equilibrio tra eleganza e originalit\u00e0.<\/span><\/h6>\n<div class=\"text-base my-auto mx-auto pb-10 [--thread-content-margin:--spacing(4)] @[37rem]:[--thread-content-margin:--spacing(6)] @[72rem]:[--thread-content-margin:--spacing(16)] px-(--thread-content-margin)\">\n<div class=\"[--thread-content-max-width:32rem] @[34rem]:[--thread-content-max-width:40rem] @[64rem]:[--thread-content-max-width:48rem] mx-auto max-w-(--thread-content-max-width) flex-1 group\/turn-messages focus-visible:outline-hidden relative flex w-full min-w-0 flex-col agent-turn\" tabindex=\"-1\">\n<div class=\"flex max-w-full flex-col grow\">\n<div class=\"min-h-8 text-message relative flex w-full flex-col items-end gap-2 text-start break-words whitespace-normal [.text-message+&amp;]:mt-5\" dir=\"auto\" data-message-author-role=\"assistant\" data-message-id=\"4b54598f-9fc9-4247-b1ba-27a51baaa693\" data-message-model-slug=\"gpt-4o\">\n<div class=\"flex w-full flex-col gap-1 empty:hidden first:pt-[3px]\">\n<div class=\"markdown prose dark:prose-invert w-full break-words light markdown-new-styling\">\n<h3 data-start=\"198\" data-end=\"226\">Design e Scollo America:<\/h3>\n<p data-start=\"227\" data-end=\"673\">Lo scollo &#8220;America&#8221; \u00e8 un taglio ampio e sensuale che mette in risalto le spalle e la scollatura, ma in modo delicato e sofisticato. La parte superiore si apre leggermente verso il basso, creando una forma geometrica che esalta il d\u00e9collet\u00e9, ma senza essere eccessivamente audace. La parte posteriore del body, invece, presenta un leggero scollo che lascia spazio al movimento.<\/p>\n<h3 data-start=\"675\" data-end=\"699\">Vestibilit\u00e0 Normale:<\/h3>\n<p data-start=\"700\" data-end=\"1077\">La vestibilit\u00e0 normale indica che il body si adatta alla figura in modo confortevole, senza risultare n\u00e9 troppo stretto n\u00e9 troppo largo. La linea del corpo \u00e8 valorizzata senza comprimere, rendendo il body ideale per un look che trasmette eleganza e praticit\u00e0. La parte inferiore ha una copertura che garantisce comfort, ma \u00e8 comunque abbastanza alta da slanciare la silhouette.<\/p>\n<h3 data-start=\"1079\" data-end=\"1112\">Pattern Zebrato Placcato Chic:<\/h3>\n<p data-start=\"1113\" data-end=\"1633\">Il pattern zebrato \u00e8 un tipo di stampa che ricorda l\u2019effetto pelle di un animale, simile a un &#8220;animalier&#8221; ma con una resa pi\u00f9 fine ed elegante. Il motivo ebrato pu\u00f2 variare nei toni, passando dal beige al marrone, ma con l\u2019aggiunta della placcatura chic: un effetto metallico o lucido che dona una sensazione di lusso e raffinatezza. La placcatura pu\u00f2 essere dorata, argentata o in altri toni eleganti che danno luce alla stampa, creando contrasto tra la texture mat dell&#8217;zebrato e il dettaglio brillante della placcatura.<\/p>\n<p data-start=\"2065\" data-end=\"2303\">Questo tipo di body intero non solo \u00e8 perfetto per chi cerca un look da mare chic, ma pu\u00f2 anche essere un\u2019ottima scelta per chi ama i costumi da bagno che si adattano ad un uso multiplo, ad esempio come parte di un outfit da day-to-night.<\/p>\n<p data-start=\"2305\" data-end=\"2438\" data-is-last-node=\"\" data-is-only-node=\"\">Il colore nero mette in risalto la placcatura.<\/p>\n<\/div>\n<\/div>\n<\/div>\n<\/div>\n<\/div>\n<\/div>\n","protected":false},"excerpt":{"rendered":"<p>Bikini intero body scollo america. Vestibiit\u00e0 normale.<\/p>\n","protected":false},"featured_media":10722,"comment_status":"closed","ping_status":"closed","template":"","meta":[],"product_brand":[],"product_cat":[91,99],"product_tag":[171,186],"class_list":{"0":"post-11299","1":"product","2":"type-product","3":"status-publish","4":"has-post-thumbnail","6":"product_cat-costumi-da-bagno","7":"product_cat-interi","8":"product_tag-monocolore-collection","9":"product_tag-zebrato-color-collection","10":"pa_colore-nero","11":"pa_linea-sirena","12":"pa_taglia-m","13":"pa_taglia-s","14":"pa_vestibilita-regular","16":"first","17":"instock","18":"sale","19":"taxable","20":"shipping-taxable","21":"purchasable","22":"product-type-variable"},"_links":{"self":[{"href":"https:\/\/siredeabikini.it\/en\/wp-json\/wp\/v2\/product\/11299","targetHints":{"allow":["GET"]}}],"collection":[{"href":"https:\/\/siredeabikini.it\/en\/wp-json\/wp\/v2\/product"}],"about":[{"href":"https:\/\/siredeabikini.it\/en\/wp-json\/wp\/v2\/types\/product"}],"replies":[{"embeddable":true,"href":"https:\/\/siredeabikini.it\/en\/wp-json\/wp\/v2\/comments?post=11299"}],"wp:featuredmedia":[{"embeddable":true,"href":"https:\/\/siredeabikini.it\/en\/wp-json\/wp\/v2\/media\/10722"}],"wp:attachment":[{"href":"https:\/\/siredeabikini.it\/en\/wp-json\/wp\/v2\/media?parent=11299"}],"wp:term":[{"taxonomy":"product_brand","embeddable":true,"href":"https:\/\/siredeabikini.it\/en\/wp-json\/wp\/v2\/product_brand?post=11299"},{"taxonomy":"product_cat","embeddable":true,"href":"https:\/\/siredeabikini.it\/en\/wp-json\/wp\/v2\/product_cat?post=11299"},{"taxonomy":"product_tag","embeddable":true,"href":"https:\/\/siredeabikini.it\/en\/wp-json\/wp\/v2\/product_tag?post=11299"}],"curies":[{"name":"wp","href":"https:\/\/api.w.org\/{rel}","templated":true}]}}