{"id":11307,"date":"2025-06-30T21:08:48","date_gmt":"2025-06-30T21:08:48","guid":{"rendered":"https:\/\/siredeabikini.it\/monokron-top-monospalla\/"},"modified":"2025-08-26T18:19:11","modified_gmt":"2025-08-26T18:19:11","slug":"monokron-top-monospalla","status":"publish","type":"product","link":"https:\/\/siredeabikini.it\/en\/product\/monokron-top-monospalla\/","title":{"rendered":"Monokron  top monospalla"},"content":{"rendered":"<p data-start=\"0\" data-end=\"566\"><strong data-start=\"0\" data-end=\"60\">Bikini Top Monospalla con Accessorio in Catena &#8220;Leggera&#8221;<\/strong><br data-start=\"60\" data-end=\"63\" \/>Il <strong data-start=\"66\" data-end=\"91\">bikini top monospalla<\/strong> \u00e8 un&#8217;interpretazione moderna ed elegante del classico bikini, caratterizzato da un design asimmetrico che lascia scoperta una spalla, per un look audace e sofisticato. La <strong data-start=\"263\" data-end=\"282\">spallina destra<\/strong> \u00e8 impreziosita da un <strong data-start=\"304\" data-end=\"338\" data-is-only-node=\"\">accessorio in catena &#8220;leggera&#8221;<\/strong>, che aggiunge un tocco di lusso e glamour senza appesantire il design. La catena \u00e8 realizzata in un materiale leggero ma resistente, come oro o argento, che dona luminosit\u00e0 e un effetto chic, rendendo il top unico e distintivo.<\/p>\n<p data-start=\"568\" data-end=\"1066\"><strong data-start=\"568\" data-end=\"617\">Slip con Accessori Laterali in Catena Leggera<\/strong><br data-start=\"617\" data-end=\"620\" \/>La parte inferiore del bikini \u00e8 uno <strong data-start=\"656\" data-end=\"696\">slip dal design semplice ed elegante<\/strong>, arricchito da <strong data-start=\"712\" data-end=\"754\">accessori laterali in catena &#8220;leggera&#8221;<\/strong> che richiamano il top e ne esaltano il look. Le catene, applicate sui lati, aggiungono un dettaglio di stile senza rinunciare alla comodit\u00e0, creando un effetto armonioso con il top. Questo slip mantiene una vestibilit\u00e0 <strong data-start=\"974\" data-end=\"985\" data-is-only-node=\"\">normale<\/strong>, garantendo comfort e libert\u00e0 di movimento pur restando aderente e valorizzante.<\/p>\n<p data-start=\"1068\" data-end=\"1353\"><strong data-start=\"1068\" data-end=\"1091\">Vestibilit\u00e0 Normale<\/strong><br data-start=\"1091\" data-end=\"1094\" \/>La vestibilit\u00e0 del bikini \u00e8 <strong data-start=\"1122\" data-end=\"1133\">normale<\/strong>, offrendo un fit comodo e versatile che si adatta a diverse forme del corpo, mantenendo un ottimo supporto senza comprimere. Ideale per chi cerca un look elegante e sofisticato per le vacanze o per una giornata di sole.<\/p>\n<hr data-start=\"1355\" data-end=\"1358\" \/>\n<p data-start=\"1360\" data-end=\"1660\" data-is-last-node=\"\" data-is-only-node=\"\">Questo bikini monospalla \u00e8 il perfetto equilibrio tra tendenze moderne e dettagli di lusso, ideale per chi cerca un pezzo distintivo e di alta classe per la stagione estiva. Disponibile in colori classici o tonalit\u00e0 pi\u00f9 vivaci, \u00e8 perfetto per essere indossato da chi ama combinare eleganza e comfort.<\/p>\n","protected":false},"excerpt":{"rendered":"<p>Bikini top monospalla con accessorio in catena &#8220;leggera&#8221; sulla spallina destra. Slip accessori laterali in catena leggera, vestibilit\u00e0 normale.<\/p>\n","protected":false},"featured_media":10736,"comment_status":"closed","ping_status":"closed","template":"","meta":[],"product_brand":[],"product_cat":[236,240],"product_tag":[171,186],"class_list":{"0":"post-11307","1":"product","2":"type-product","3":"status-publish","4":"has-post-thumbnail","6":"product_cat-costumi-da-bagno-en","7":"product_cat-top-crop-en","8":"product_tag-monocolore-collection","9":"product_tag-zebrato-color-collection","10":"pa_colore-rose","11":"pa_colore-turchese","12":"pa_linea-sirena","13":"pa_taglia-m","14":"pa_taglia-s","15":"pa_vestibilita-regular","17":"first","18":"instock","19":"sale","20":"taxable","21":"shipping-taxable","22":"purchasable","23":"product-type-variable"},"_links":{"self":[{"href":"https:\/\/siredeabikini.it\/en\/wp-json\/wp\/v2\/product\/11307","targetHints":{"allow":["GET"]}}],"collection":[{"href":"https:\/\/siredeabikini.it\/en\/wp-json\/wp\/v2\/product"}],"about":[{"href":"https:\/\/siredeabikini.it\/en\/wp-json\/wp\/v2\/types\/product"}],"replies":[{"embeddable":true,"href":"https:\/\/siredeabikini.it\/en\/wp-json\/wp\/v2\/comments?post=11307"}],"wp:featuredmedia":[{"embeddable":true,"href":"https:\/\/siredeabikini.it\/en\/wp-json\/wp\/v2\/media\/10736"}],"wp:attachment":[{"href":"https:\/\/siredeabikini.it\/en\/wp-json\/wp\/v2\/media?parent=11307"}],"wp:term":[{"taxonomy":"product_brand","embeddable":true,"href":"https:\/\/siredeabikini.it\/en\/wp-json\/wp\/v2\/product_brand?post=11307"},{"taxonomy":"product_cat","embeddable":true,"href":"https:\/\/siredeabikini.it\/en\/wp-json\/wp\/v2\/product_cat?post=11307"},{"taxonomy":"product_tag","embeddable":true,"href":"https:\/\/siredeabikini.it\/en\/wp-json\/wp\/v2\/product_tag?post=11307"}],"curies":[{"name":"wp","href":"https:\/\/api.w.org\/{rel}","templated":true}]}}