{"id":11358,"date":"2025-06-30T21:09:02","date_gmt":"2025-06-30T21:09:02","guid":{"rendered":"https:\/\/siredeabikini.it\/rodi-intero-olimpionico-con-ferretto\/"},"modified":"2025-08-26T16:37:39","modified_gmt":"2025-08-26T16:37:39","slug":"rodi-intero-olimpionico-con-ferretto","status":"publish","type":"product","link":"https:\/\/siredeabikini.it\/en\/product\/rodi-intero-olimpionico-con-ferretto\/","title":{"rendered":"Rodi intero olimpionico con ferretto"},"content":{"rendered":"<p>Questo costume da bagno intero \u00e8 pensato per offrire comfort, sostegno e un tocco di raffinatezza alle signore che desiderano sentirsi sicure e belle in spiaggia o in piscina.<\/p>\n<p>La linea \u00e8 sagomata per valorizzare la silhouette femminile, con una leggera fascia elastica sotto il seno che sostiene e definisce il d\u00e9collet\u00e9 senza comprimere. Il modello \u00e8 studiato per contenere e modellare delicatamente l\u2019addome e i fianchi, garantendo una vestibilit\u00e0 confortevole e slanciata. La parte superiore presenta una fascia rinforzata sotto il seno, interna o esterna, dotata di ferretti morbidi o di un tessuto pi\u00f9 rigido, che offre un supporto stabile e un leggero sollevamento. Le coppe possono essere imbottite o foderate per garantire comfort e copertura, con un design che mantiene la forma naturale del seno. Le spalline sono larghe e comode, per adattarsi perfettamente al corpo e distribuire il peso in modo uniforme, riducendo la pressione sulle spalle. Alcuni modelli prevedono anche spalline staccabili o incrociate per un look pi\u00f9 versatile. Realizzato in tessuti tecnici di alta qualit\u00e0, come lycra o poliammide con elastan, che assicurano elasticit\u00e0, resistenza al cloro e al sole, e asciugatura rapida. L\u2019interno \u00e8 completamente foderato per garantire morbidezza a contatto con la pelle e opacit\u00e0.<\/p>\n","protected":false},"excerpt":{"rendered":"<p>Intero olimpionico con ferretto interno e sostegno sottoseno.Vestibilita&#8217; modellante.<\/p>\n","protected":false},"featured_media":10748,"comment_status":"closed","ping_status":"closed","template":"","meta":[],"product_brand":[],"product_cat":[91,99],"product_tag":[200],"class_list":{"0":"post-11358","1":"product","2":"type-product","3":"status-publish","4":"has-post-thumbnail","6":"product_cat-costumi-da-bagno","7":"product_cat-interi","8":"product_tag-lady-curvy-collection","9":"pa_fantasia-cachemnire","10":"pa_fantasia-foglie","11":"pa_fantasia-maculato-colors","12":"pa_fantasia-maculato-flowers","13":"pa_linea-dea","14":"pa_linea-dea-interi","15":"pa_taglia-201","16":"pa_taglia-203","17":"pa_taglia-204","18":"pa_taglia-205","19":"pa_taglia-206","20":"pa_taglia-207","21":"pa_vestibilita-comfort","23":"first","24":"instock","25":"taxable","26":"shipping-taxable","27":"purchasable","28":"product-type-variable","29":"has-default-attributes"},"_links":{"self":[{"href":"https:\/\/siredeabikini.it\/en\/wp-json\/wp\/v2\/product\/11358","targetHints":{"allow":["GET"]}}],"collection":[{"href":"https:\/\/siredeabikini.it\/en\/wp-json\/wp\/v2\/product"}],"about":[{"href":"https:\/\/siredeabikini.it\/en\/wp-json\/wp\/v2\/types\/product"}],"replies":[{"embeddable":true,"href":"https:\/\/siredeabikini.it\/en\/wp-json\/wp\/v2\/comments?post=11358"}],"wp:featuredmedia":[{"embeddable":true,"href":"https:\/\/siredeabikini.it\/en\/wp-json\/wp\/v2\/media\/10748"}],"wp:attachment":[{"href":"https:\/\/siredeabikini.it\/en\/wp-json\/wp\/v2\/media?parent=11358"}],"wp:term":[{"taxonomy":"product_brand","embeddable":true,"href":"https:\/\/siredeabikini.it\/en\/wp-json\/wp\/v2\/product_brand?post=11358"},{"taxonomy":"product_cat","embeddable":true,"href":"https:\/\/siredeabikini.it\/en\/wp-json\/wp\/v2\/product_cat?post=11358"},{"taxonomy":"product_tag","embeddable":true,"href":"https:\/\/siredeabikini.it\/en\/wp-json\/wp\/v2\/product_tag?post=11358"}],"curies":[{"name":"wp","href":"https:\/\/api.w.org\/{rel}","templated":true}]}}