{"id":11710,"date":"2025-09-02T22:49:23","date_gmt":"2025-09-02T22:49:23","guid":{"rendered":"https:\/\/siredeabikini.it\/?post_type=product&#038;p=11710"},"modified":"2025-09-02T23:02:43","modified_gmt":"2025-09-02T23:02:43","slug":"hathi-dress","status":"publish","type":"product","link":"https:\/\/siredeabikini.it\/en\/product\/hathi-dress\/","title":{"rendered":"Hathi Dress"},"content":{"rendered":"<div class=\"wpb-content-wrapper\"><p>[vc_row][vc_column][vc_column_text css=&#8221;&#8221; woodmart_inline=&#8221;no&#8221; text_larger=&#8221;no&#8221;]<\/p>\n<p data-start=\"294\" data-end=\"629\">Audace, seducente e dallo spirito deciso. Questo abito a fascia \u00e8 pensato per esaltare la silhouette grazie al taglio sottoseno che valorizza il d\u00e9collet\u00e9 e alla linea aderente che segue con eleganza le forme del corpo. I due spacchi laterali aggiungono movimento e sensualit\u00e0, lasciando intravedere le gambe con discreta raffinatezza.<\/p>\n<p data-start=\"631\" data-end=\"936\">Il pattern animalier logato completa il look con un tocco wild e riconoscibile, perfetto per chi vuole distinguersi anche nelle occasioni serali o nei contesti resort pi\u00f9 esclusivi. Realizzato in tessuto elasticizzato e confortevole, \u00e8 ideale da indossare con sandali flat di giorno o tacchi alti di sera.<\/p>\n<p>[\/vc_column_text][\/vc_column][\/vc_row]<\/p>\n<\/div>","protected":false},"excerpt":{"rendered":"<p>Abito a fascia con sottoseno\u00a0 in\u00a0 pattern animalier logato.<\/p>\n","protected":false},"featured_media":11678,"comment_status":"closed","ping_status":"closed","template":"","meta":[],"product_brand":[],"product_cat":[110,254],"product_tag":[252],"class_list":{"0":"post-11710","1":"product","2":"type-product","3":"status-publish","4":"has-post-thumbnail","6":"product_cat-abbigliamento","7":"product_cat-abiti","8":"product_tag-wilde-chic","9":"pa_fantasia-animalier","10":"pa_linea-sirena","11":"pa_taglia-l","12":"pa_taglia-m","13":"pa_taglia-s","14":"pa_vestibilita-regular","16":"first","17":"instock","18":"taxable","19":"shipping-taxable","20":"purchasable","21":"product-type-variable","22":"has-default-attributes"},"_links":{"self":[{"href":"https:\/\/siredeabikini.it\/en\/wp-json\/wp\/v2\/product\/11710","targetHints":{"allow":["GET"]}}],"collection":[{"href":"https:\/\/siredeabikini.it\/en\/wp-json\/wp\/v2\/product"}],"about":[{"href":"https:\/\/siredeabikini.it\/en\/wp-json\/wp\/v2\/types\/product"}],"replies":[{"embeddable":true,"href":"https:\/\/siredeabikini.it\/en\/wp-json\/wp\/v2\/comments?post=11710"}],"wp:featuredmedia":[{"embeddable":true,"href":"https:\/\/siredeabikini.it\/en\/wp-json\/wp\/v2\/media\/11678"}],"wp:attachment":[{"href":"https:\/\/siredeabikini.it\/en\/wp-json\/wp\/v2\/media?parent=11710"}],"wp:term":[{"taxonomy":"product_brand","embeddable":true,"href":"https:\/\/siredeabikini.it\/en\/wp-json\/wp\/v2\/product_brand?post=11710"},{"taxonomy":"product_cat","embeddable":true,"href":"https:\/\/siredeabikini.it\/en\/wp-json\/wp\/v2\/product_cat?post=11710"},{"taxonomy":"product_tag","embeddable":true,"href":"https:\/\/siredeabikini.it\/en\/wp-json\/wp\/v2\/product_tag?post=11710"}],"curies":[{"name":"wp","href":"https:\/\/api.w.org\/{rel}","templated":true}]}}